{"id":16,"date":"2015-12-15T02:16:35","date_gmt":"2015-12-15T01:16:35","guid":{"rendered":"http:\/\/dsdagency.fr\/site\/?page_id=16"},"modified":"2016-09-18T21:43:52","modified_gmt":"2016-09-18T21:43:52","slug":"creation-de-site","status":"publish","type":"page","link":"https:\/\/dsdagency.fr\/site\/creation-de-site\/","title":{"rendered":"Cr\u00e9ation de sites wordpress responsif"},"content":{"rendered":"<h2><b>Cr\u00e9ation de site wordpress responsif<\/b><\/h2>\n<p style=\"text-align: justify\">Vous souhaitez d\u00e9velopper votre activit\u00e9 et b\u00e9n\u00e9ficier d\u2019un site internet ?<\/br><br \/>\nWordpress est l\u2019outil qu\u2019il vous faut.<\/p>\n<p style=\"text-align: justify\">WordPress est un outil qui permet de cr\u00e9er des <b>sites<\/b> dits responsif qui <b>s\u2019adaptent<\/b> \u00e0 tous les supports <b>mobiles<\/b> <b>sans<\/b> qu\u2019il n\u2019y ait besoin de d\u00e9veloppement suppl\u00e9mentaire et donc un <b>coup suppl\u00e9mentaire<\/b>.<\/br><br \/>\n<img src=\"\/site\/_dsd_static\/min-mecapro-idf-1.jpg\" style=\"width: 100%\" alt=\"Site\"\/><br \/>\nMalgr\u00e9 leur aspect tout en un et de prime abord facile d\u2019acc\u00e8s, les sites sous wordpress <b>regorgent de possibilit\u00e9s et d\u2019option<\/b> et sont; contrairement \u00e0 ce qu\u2019on le pense; personnalisable, c\u2019est pourquoi il ne faut pas le faire soi-m\u00eame sans avoir les comp\u00e9tences n\u00e9cessaires car ce qui pourrait servir de vitrine pour votre entreprise ainsi que de promotion pour la vente de vos produits pourrait devenir tout l\u2019inverse et vous desservir aupr\u00e8s de votre client\u00e8le.<\/p>\n<p style=\"text-align: justify\">C\u2019est pour cela qu\u2019il convient de <b>faire appel \u00e0 un professionnel<\/b> qui saura personnaliser et d\u00e9velopper au mieux votre site bas\u00e9 sous wordpress pour <b>r\u00e9pondre \u00e0 vos besoins et \u00e0 vos attentes<\/b> sans surco\u00fbt li\u00e9 au d\u00e9veloppement parall\u00e8le d\u2019une adaptabilit\u00e9 pour les mobiles et tablettes.<\/br><br \/>\n<img src=\"\/site\/_dsd_static\/min-plafonds-tendus-essenciel-1.jpg\" style=\"width: 100%\" alt=\"Site\"\/><br \/>\nC\u2019est en cela que wordpress est int\u00e9ressant car le <b>mobile prend une place de plus en plus grande<\/b> et il ne faut donc pas n\u00e9gliger l\u2019audience que ce support am\u00e8nera sur votre site et qui ne fera que cro\u00eetre au fur et \u00e0 mesure.<\/p>\n<p>Pour retrouver nos r\u00e9alisations veuillez cliquer <a href=\"http:\/\/dsdagency.fr\/site\/nos-realisations\/\">ici<\/a><\/p>\n","protected":false},"excerpt":{"rendered":"<p>Cr\u00e9ation de site wordpress responsif Vous souhaitez d\u00e9velopper votre activit\u00e9 et b\u00e9n\u00e9ficier d\u2019un site internet ? Wordpress est l\u2019outil qu\u2019il vous faut. WordPress est un outil qui permet de cr\u00e9er des sites dits responsif qui s\u2019adaptent \u00e0 tous les supports mobiles sans qu\u2019il n\u2019y ait besoin de d\u00e9veloppement suppl\u00e9mentaire et donc un coup suppl\u00e9mentaire. Malgr\u00e9 [&hellip;]<\/p>\n","protected":false},"author":1,"featured_media":0,"parent":0,"menu_order":0,"comment_status":"closed","ping_status":"closed","template":"","meta":[],"yoast_head":"<!-- This site is optimized with the Yoast SEO plugin v18.3 - https:\/\/yoast.com\/wordpress\/plugins\/seo\/ -->\n<title>Cr\u00e9ation de site - DSD Agency, l&#039;agence web \u00e0 votre service<\/title>\n<meta name=\"description\" content=\"DSD Agency, l&#039;agence web \u00e0 votre service est l\u00e0 pour vous accompagner pendant la cr\u00e9ation de votre site. Demande de devis gratuite\" \/>\n<meta name=\"robots\" content=\"index, follow, max-snippet:-1, max-image-preview:large, max-video-preview:-1\" \/>\n<link rel=\"canonical\" href=\"https:\/\/dsdagency.fr\/site\/creation-de-site\/\" \/>\n<meta property=\"og:locale\" content=\"fr_FR\" \/>\n<meta property=\"og:type\" content=\"article\" \/>\n<meta property=\"og:title\" content=\"Cr\u00e9ation de site - DSD Agency, l&#039;agence web \u00e0 votre service\" \/>\n<meta property=\"og:description\" content=\"DSD Agency, l&#039;agence web \u00e0 votre service est l\u00e0 pour vous accompagner pendant la cr\u00e9ation de votre site. Demande de devis gratuite\" \/>\n<meta property=\"og:url\" content=\"https:\/\/dsdagency.fr\/site\/creation-de-site\/\" \/>\n<meta property=\"og:site_name\" content=\"DSD Agency\" \/>\n<meta property=\"article:modified_time\" content=\"2016-09-18T21:43:52+00:00\" \/>\n<meta property=\"og:image\" content=\"https:\/\/dsdagency.fr\/site\/_dsd_static\/min-mecapro-idf-1.jpg\" \/>\n<meta name=\"twitter:card\" content=\"summary\" \/>\n<meta name=\"twitter:label1\" content=\"Dur\u00e9e de lecture estim\u00e9e\" \/>\n\t<meta name=\"twitter:data1\" content=\"1 minute\" \/>\n<script type=\"application\/ld+json\" class=\"yoast-schema-graph\">{\"@context\":\"https:\/\/schema.org\",\"@graph\":[{\"@type\":\"WebSite\",\"@id\":\"https:\/\/dsdagency.fr\/site\/#website\",\"url\":\"https:\/\/dsdagency.fr\/site\/\",\"name\":\"DSD Agency\",\"description\":\"Votre Agence Web et R\u00e9f\u00e9rencement\",\"potentialAction\":[{\"@type\":\"SearchAction\",\"target\":{\"@type\":\"EntryPoint\",\"urlTemplate\":\"https:\/\/dsdagency.fr\/site\/?s={search_term_string}\"},\"query-input\":\"required name=search_term_string\"}],\"inLanguage\":\"fr-FR\"},{\"@type\":\"ImageObject\",\"@id\":\"https:\/\/dsdagency.fr\/site\/creation-de-site\/#primaryimage\",\"inLanguage\":\"fr-FR\",\"url\":\"\/site\/_dsd_static\/min-mecapro-idf-1.jpg\",\"contentUrl\":\"\/site\/_dsd_static\/min-mecapro-idf-1.jpg\"},{\"@type\":\"WebPage\",\"@id\":\"https:\/\/dsdagency.fr\/site\/creation-de-site\/#webpage\",\"url\":\"https:\/\/dsdagency.fr\/site\/creation-de-site\/\",\"name\":\"Cr\u00e9ation de site - DSD Agency, l'agence web \u00e0 votre service\",\"isPartOf\":{\"@id\":\"https:\/\/dsdagency.fr\/site\/#website\"},\"primaryImageOfPage\":{\"@id\":\"https:\/\/dsdagency.fr\/site\/creation-de-site\/#primaryimage\"},\"datePublished\":\"2015-12-15T01:16:35+00:00\",\"dateModified\":\"2016-09-18T21:43:52+00:00\",\"description\":\"DSD Agency, l'agence web \u00e0 votre service est l\u00e0 pour vous accompagner pendant la cr\u00e9ation de votre site. Demande de devis gratuite\",\"breadcrumb\":{\"@id\":\"https:\/\/dsdagency.fr\/site\/creation-de-site\/#breadcrumb\"},\"inLanguage\":\"fr-FR\",\"potentialAction\":[{\"@type\":\"ReadAction\",\"target\":[\"https:\/\/dsdagency.fr\/site\/creation-de-site\/\"]}]},{\"@type\":\"BreadcrumbList\",\"@id\":\"https:\/\/dsdagency.fr\/site\/creation-de-site\/#breadcrumb\",\"itemListElement\":[{\"@type\":\"ListItem\",\"position\":1,\"name\":\"Accueil\",\"item\":\"https:\/\/dsdagency.fr\/site\/\"},{\"@type\":\"ListItem\",\"position\":2,\"name\":\"Cr\u00e9ation de sites wordpress responsif\"}]}]}<\/script>\n<!-- \/ Yoast SEO plugin. -->","yoast_head_json":{"title":"Cr\u00e9ation de site - DSD Agency, l'agence web \u00e0 votre service","description":"DSD Agency, l'agence web \u00e0 votre service est l\u00e0 pour vous accompagner pendant la cr\u00e9ation de votre site. Demande de devis gratuite","robots":{"index":"index","follow":"follow","max-snippet":"max-snippet:-1","max-image-preview":"max-image-preview:large","max-video-preview":"max-video-preview:-1"},"canonical":"https:\/\/dsdagency.fr\/site\/creation-de-site\/","og_locale":"fr_FR","og_type":"article","og_title":"Cr\u00e9ation de site - DSD Agency, l'agence web \u00e0 votre service","og_description":"DSD Agency, l'agence web \u00e0 votre service est l\u00e0 pour vous accompagner pendant la cr\u00e9ation de votre site. Demande de devis gratuite","og_url":"https:\/\/dsdagency.fr\/site\/creation-de-site\/","og_site_name":"DSD Agency","article_modified_time":"2016-09-18T21:43:52+00:00","og_image":[{"url":"https:\/\/dsdagency.fr\/site\/_dsd_static\/min-mecapro-idf-1.jpg"}],"twitter_card":"summary","twitter_misc":{"Dur\u00e9e de lecture estim\u00e9e":"1 minute"},"schema":{"@context":"https:\/\/schema.org","@graph":[{"@type":"WebSite","@id":"https:\/\/dsdagency.fr\/site\/#website","url":"https:\/\/dsdagency.fr\/site\/","name":"DSD Agency","description":"Votre Agence Web et R\u00e9f\u00e9rencement","potentialAction":[{"@type":"SearchAction","target":{"@type":"EntryPoint","urlTemplate":"https:\/\/dsdagency.fr\/site\/?s={search_term_string}"},"query-input":"required name=search_term_string"}],"inLanguage":"fr-FR"},{"@type":"ImageObject","@id":"https:\/\/dsdagency.fr\/site\/creation-de-site\/#primaryimage","inLanguage":"fr-FR","url":"\/site\/_dsd_static\/min-mecapro-idf-1.jpg","contentUrl":"\/site\/_dsd_static\/min-mecapro-idf-1.jpg"},{"@type":"WebPage","@id":"https:\/\/dsdagency.fr\/site\/creation-de-site\/#webpage","url":"https:\/\/dsdagency.fr\/site\/creation-de-site\/","name":"Cr\u00e9ation de site - DSD Agency, l'agence web \u00e0 votre service","isPartOf":{"@id":"https:\/\/dsdagency.fr\/site\/#website"},"primaryImageOfPage":{"@id":"https:\/\/dsdagency.fr\/site\/creation-de-site\/#primaryimage"},"datePublished":"2015-12-15T01:16:35+00:00","dateModified":"2016-09-18T21:43:52+00:00","description":"DSD Agency, l'agence web \u00e0 votre service est l\u00e0 pour vous accompagner pendant la cr\u00e9ation de votre site. Demande de devis gratuite","breadcrumb":{"@id":"https:\/\/dsdagency.fr\/site\/creation-de-site\/#breadcrumb"},"inLanguage":"fr-FR","potentialAction":[{"@type":"ReadAction","target":["https:\/\/dsdagency.fr\/site\/creation-de-site\/"]}]},{"@type":"BreadcrumbList","@id":"https:\/\/dsdagency.fr\/site\/creation-de-site\/#breadcrumb","itemListElement":[{"@type":"ListItem","position":1,"name":"Accueil","item":"https:\/\/dsdagency.fr\/site\/"},{"@type":"ListItem","position":2,"name":"Cr\u00e9ation de sites wordpress responsif"}]}]}},"_links":{"self":[{"href":"https:\/\/dsdagency.fr\/site\/wp-json\/wp\/v2\/pages\/16"}],"collection":[{"href":"https:\/\/dsdagency.fr\/site\/wp-json\/wp\/v2\/pages"}],"about":[{"href":"https:\/\/dsdagency.fr\/site\/wp-json\/wp\/v2\/types\/page"}],"author":[{"embeddable":true,"href":"https:\/\/dsdagency.fr\/site\/wp-json\/wp\/v2\/users\/1"}],"replies":[{"embeddable":true,"href":"https:\/\/dsdagency.fr\/site\/wp-json\/wp\/v2\/comments?post=16"}],"version-history":[{"count":7,"href":"https:\/\/dsdagency.fr\/site\/wp-json\/wp\/v2\/pages\/16\/revisions"}],"predecessor-version":[{"id":170,"href":"https:\/\/dsdagency.fr\/site\/wp-json\/wp\/v2\/pages\/16\/revisions\/170"}],"wp:attachment":[{"href":"https:\/\/dsdagency.fr\/site\/wp-json\/wp\/v2\/media?parent=16"}],"curies":[{"name":"wp","href":"https:\/\/api.w.org\/{rel}","templated":true}]}}