{"id":42,"date":"2015-12-16T20:20:27","date_gmt":"2015-12-16T19:20:27","guid":{"rendered":"http:\/\/dsdagency.fr\/site\/?page_id=42"},"modified":"2016-09-23T14:45:51","modified_gmt":"2016-09-23T14:45:51","slug":"contactdevis-gratuit","status":"publish","type":"page","link":"https:\/\/dsdagency.fr\/site\/contactdevis-gratuit\/","title":{"rendered":"Contact\/Devis gratuit"},"content":{"rendered":"<p style=\"text-align: center\">Si vous souhaitez nous contacter, les coordonn\u00e9es suivantes sont \u00e0 votre disposition :<\/p>\n<p style=\"text-align: center\"><b>DSD Agency<\/b><br \/>\n47 Rue Pierre-Semard<br \/>\n93150 Le Blanc-Mesnil<br \/>\nEmail : <a href=\"mailto:&#105;&#110;&#102;&#111;&#064;&#100;&#115;&#100;&#097;&#103;&#101;&#110;&#099;&#121;&#046;&#102;&#114;\">&#105;&#110;&#102;&#111;&#064;&#100;&#115;&#100;&#097;&#103;&#101;&#110;&#099;&#121;&#046;&#102;&#114;<\/a><br \/>\nT\u00e9l\u00e9phone : <b>06 47 86 18 49<\/b><\/p>\n<p style=\"text-align: center\">Mentions l\u00e9gales :<br \/>\nLe site est \u00e9dit\u00e9 par la Soci\u00e9t\u00e9 <b>DSD Agency<\/b><br \/>\nResponsable de la Publication : <b>M. PETROVIC David<\/b><br \/>\nSiret : 81794686600016<br \/>\nCr\u00e9ation, h\u00e9bergement et r\u00e9f\u00e9rencement : <a href=\"http:\/\/dsdagency.fr\" target=\"_dsd\">DSD Agency<\/a><\/p>\n","protected":false},"excerpt":{"rendered":"<p>Si vous souhaitez nous contacter, les coordonn\u00e9es suivantes sont \u00e0 votre disposition : DSD Agency 47 Rue Pierre-Semard 93150 Le Blanc-Mesnil Email : &#105;&#110;&#102;&#111;&#064;&#100;&#115;&#100;&#097;&#103;&#101;&#110;&#099;&#121;&#046;&#102;&#114; T\u00e9l\u00e9phone : 06 47 86 18 49 Mentions l\u00e9gales : Le site est \u00e9dit\u00e9 par la Soci\u00e9t\u00e9 DSD Agency Responsable de la Publication : M. PETROVIC David Siret : 81794686600016 Cr\u00e9ation, [&hellip;]<\/p>\n","protected":false},"author":1,"featured_media":0,"parent":0,"menu_order":0,"comment_status":"closed","ping_status":"closed","template":"","meta":[],"yoast_head":"<!-- This site is optimized with the Yoast SEO plugin v18.3 - https:\/\/yoast.com\/wordpress\/plugins\/seo\/ -->\n<title>DSD Agency, l&#039;agence web \u00e0 votre service - Contact\/Devis<\/title>\n<meta name=\"description\" content=\"Bienvenu sur DSD Agency, l&#039;agence web \u00e0 votre service. Devis gratuit pour toute demande de cr\u00e9ation de site ou de community management.\" \/>\n<meta name=\"robots\" content=\"index, follow, max-snippet:-1, max-image-preview:large, max-video-preview:-1\" \/>\n<link rel=\"canonical\" href=\"https:\/\/dsdagency.fr\/site\/contactdevis-gratuit\/\" \/>\n<meta property=\"og:locale\" content=\"fr_FR\" \/>\n<meta property=\"og:type\" content=\"article\" \/>\n<meta property=\"og:title\" content=\"DSD Agency, l&#039;agence web \u00e0 votre service - Contact\/Devis\" \/>\n<meta property=\"og:description\" content=\"Bienvenu sur DSD Agency, l&#039;agence web \u00e0 votre service. Devis gratuit pour toute demande de cr\u00e9ation de site ou de community management.\" \/>\n<meta property=\"og:url\" content=\"https:\/\/dsdagency.fr\/site\/contactdevis-gratuit\/\" \/>\n<meta property=\"og:site_name\" content=\"DSD Agency\" \/>\n<meta property=\"article:modified_time\" content=\"2016-09-23T14:45:51+00:00\" \/>\n<meta name=\"twitter:card\" content=\"summary\" \/>\n<script type=\"application\/ld+json\" class=\"yoast-schema-graph\">{\"@context\":\"https:\/\/schema.org\",\"@graph\":[{\"@type\":\"WebSite\",\"@id\":\"https:\/\/dsdagency.fr\/site\/#website\",\"url\":\"https:\/\/dsdagency.fr\/site\/\",\"name\":\"DSD Agency\",\"description\":\"Votre Agence Web et R\u00e9f\u00e9rencement\",\"potentialAction\":[{\"@type\":\"SearchAction\",\"target\":{\"@type\":\"EntryPoint\",\"urlTemplate\":\"https:\/\/dsdagency.fr\/site\/?s={search_term_string}\"},\"query-input\":\"required name=search_term_string\"}],\"inLanguage\":\"fr-FR\"},{\"@type\":\"WebPage\",\"@id\":\"https:\/\/dsdagency.fr\/site\/contactdevis-gratuit\/#webpage\",\"url\":\"https:\/\/dsdagency.fr\/site\/contactdevis-gratuit\/\",\"name\":\"DSD Agency, l'agence web \u00e0 votre service - Contact\/Devis\",\"isPartOf\":{\"@id\":\"https:\/\/dsdagency.fr\/site\/#website\"},\"datePublished\":\"2015-12-16T19:20:27+00:00\",\"dateModified\":\"2016-09-23T14:45:51+00:00\",\"description\":\"Bienvenu sur DSD Agency, l'agence web \u00e0 votre service. Devis gratuit pour toute demande de cr\u00e9ation de site ou de community management.\",\"breadcrumb\":{\"@id\":\"https:\/\/dsdagency.fr\/site\/contactdevis-gratuit\/#breadcrumb\"},\"inLanguage\":\"fr-FR\",\"potentialAction\":[{\"@type\":\"ReadAction\",\"target\":[\"https:\/\/dsdagency.fr\/site\/contactdevis-gratuit\/\"]}]},{\"@type\":\"BreadcrumbList\",\"@id\":\"https:\/\/dsdagency.fr\/site\/contactdevis-gratuit\/#breadcrumb\",\"itemListElement\":[{\"@type\":\"ListItem\",\"position\":1,\"name\":\"Accueil\",\"item\":\"https:\/\/dsdagency.fr\/site\/\"},{\"@type\":\"ListItem\",\"position\":2,\"name\":\"Contact\/Devis gratuit\"}]}]}<\/script>\n<!-- \/ Yoast SEO plugin. -->","yoast_head_json":{"title":"DSD Agency, l'agence web \u00e0 votre service - Contact\/Devis","description":"Bienvenu sur DSD Agency, l'agence web \u00e0 votre service. Devis gratuit pour toute demande de cr\u00e9ation de site ou de community management.","robots":{"index":"index","follow":"follow","max-snippet":"max-snippet:-1","max-image-preview":"max-image-preview:large","max-video-preview":"max-video-preview:-1"},"canonical":"https:\/\/dsdagency.fr\/site\/contactdevis-gratuit\/","og_locale":"fr_FR","og_type":"article","og_title":"DSD Agency, l'agence web \u00e0 votre service - Contact\/Devis","og_description":"Bienvenu sur DSD Agency, l'agence web \u00e0 votre service. Devis gratuit pour toute demande de cr\u00e9ation de site ou de community management.","og_url":"https:\/\/dsdagency.fr\/site\/contactdevis-gratuit\/","og_site_name":"DSD Agency","article_modified_time":"2016-09-23T14:45:51+00:00","twitter_card":"summary","schema":{"@context":"https:\/\/schema.org","@graph":[{"@type":"WebSite","@id":"https:\/\/dsdagency.fr\/site\/#website","url":"https:\/\/dsdagency.fr\/site\/","name":"DSD Agency","description":"Votre Agence Web et R\u00e9f\u00e9rencement","potentialAction":[{"@type":"SearchAction","target":{"@type":"EntryPoint","urlTemplate":"https:\/\/dsdagency.fr\/site\/?s={search_term_string}"},"query-input":"required name=search_term_string"}],"inLanguage":"fr-FR"},{"@type":"WebPage","@id":"https:\/\/dsdagency.fr\/site\/contactdevis-gratuit\/#webpage","url":"https:\/\/dsdagency.fr\/site\/contactdevis-gratuit\/","name":"DSD Agency, l'agence web \u00e0 votre service - Contact\/Devis","isPartOf":{"@id":"https:\/\/dsdagency.fr\/site\/#website"},"datePublished":"2015-12-16T19:20:27+00:00","dateModified":"2016-09-23T14:45:51+00:00","description":"Bienvenu sur DSD Agency, l'agence web \u00e0 votre service. Devis gratuit pour toute demande de cr\u00e9ation de site ou de community management.","breadcrumb":{"@id":"https:\/\/dsdagency.fr\/site\/contactdevis-gratuit\/#breadcrumb"},"inLanguage":"fr-FR","potentialAction":[{"@type":"ReadAction","target":["https:\/\/dsdagency.fr\/site\/contactdevis-gratuit\/"]}]},{"@type":"BreadcrumbList","@id":"https:\/\/dsdagency.fr\/site\/contactdevis-gratuit\/#breadcrumb","itemListElement":[{"@type":"ListItem","position":1,"name":"Accueil","item":"https:\/\/dsdagency.fr\/site\/"},{"@type":"ListItem","position":2,"name":"Contact\/Devis gratuit"}]}]}},"_links":{"self":[{"href":"https:\/\/dsdagency.fr\/site\/wp-json\/wp\/v2\/pages\/42"}],"collection":[{"href":"https:\/\/dsdagency.fr\/site\/wp-json\/wp\/v2\/pages"}],"about":[{"href":"https:\/\/dsdagency.fr\/site\/wp-json\/wp\/v2\/types\/page"}],"author":[{"embeddable":true,"href":"https:\/\/dsdagency.fr\/site\/wp-json\/wp\/v2\/users\/1"}],"replies":[{"embeddable":true,"href":"https:\/\/dsdagency.fr\/site\/wp-json\/wp\/v2\/comments?post=42"}],"version-history":[{"count":5,"href":"https:\/\/dsdagency.fr\/site\/wp-json\/wp\/v2\/pages\/42\/revisions"}],"predecessor-version":[{"id":215,"href":"https:\/\/dsdagency.fr\/site\/wp-json\/wp\/v2\/pages\/42\/revisions\/215"}],"wp:attachment":[{"href":"https:\/\/dsdagency.fr\/site\/wp-json\/wp\/v2\/media?parent=42"}],"curies":[{"name":"wp","href":"https:\/\/api.w.org\/{rel}","templated":true}]}}