{"id":58,"date":"2016-02-13T21:42:10","date_gmt":"2016-02-13T21:42:10","guid":{"rendered":"http:\/\/dsdagency.fr\/site\/?page_id=58"},"modified":"2016-09-14T17:05:35","modified_gmt":"2016-09-14T17:05:35","slug":"community-management-gestion-des-reseaux-sociaux","status":"publish","type":"page","link":"https:\/\/dsdagency.fr\/site\/community-management-gestion-des-reseaux-sociaux\/","title":{"rendered":"Community management \/ Gestion des r\u00e9seaux sociaux"},"content":{"rendered":"<h2><b>Community management \/ Gestion des r\u00e9seaux sociaux<\/b><\/h2>\n<p style=\"text-align: justify\">Vous disposez d\u2019un site ou bien d\u2019une plateforme e-commerce et vous souhaitez d\u00e9velopper votre client\u00e8le ?<br \/>\nLa gestion des r\u00e9seaux sociaux est l\u2019outil qu\u2019il vous faut.<\/p>\n<p style=\"text-align: justify\">La <b>gestion des r\u00e9seaux sociaux<\/b> est en effet <b>l\u2019outil id\u00e9al en compl\u00e9ment d\u2019une campagne adwords<\/b> pour prendre le relais de celle-ci dans la communication avec votre client\u00e8le ainsi que pour vous en servir de moyen de r\u00e9tention de votre client\u00e8le, cependant, les r\u00e9seaux sociaux sont pleinement adapt\u00e9s dans une logique o\u00f9 votre commerce est tourn\u00e9 vers le B to C, dans le cas o\u00f9 vous seriez tourn\u00e9 vers le B to B, la gestion des r\u00e9seaux sociaux ne sera-l\u00e0 que comme moyen de pr\u00e9sence qui n\u2019est pas \u00e0 n\u00e9gliger bien entendu, <b>les consommateurs<\/b> se tournant de plus en plus vers les r\u00e9seaux sociaux, <b>les entreprises communiquant sur les r\u00e9seaux sociaux et \u00e9tant actives dessus sont pour eux un gage de qualit\u00e9<\/b>.<br \/>\n<b>Quant aux tarif, il n\u2019y a de tarif minimum ni de somme id\u00e9al<\/b>.<\/p>\n<p style=\"text-align: justify\"><b>Le tarif sera adapt\u00e9 en fonction du nombre de r\u00e9seaux sociaux sur lesquels vous voulez \u00eatre<\/b> (Facebook, Twitter, Instagram) et de quel mani\u00e8re vous voulez les utiliser; <\/b>de la simple veille \u00e0 une gestion plus ou moins soutenu en terme de messages<\/b>, photos, etc pos\u00e9 sur les r\u00e9seaux sociaux et \u00e0 quel fr\u00e9quence.<\/p>\n","protected":false},"excerpt":{"rendered":"<p>Community management \/ Gestion des r\u00e9seaux sociaux Vous disposez d\u2019un site ou bien d\u2019une plateforme e-commerce et vous souhaitez d\u00e9velopper votre client\u00e8le ? La gestion des r\u00e9seaux sociaux est l\u2019outil qu\u2019il vous faut. La gestion des r\u00e9seaux sociaux est en effet l\u2019outil id\u00e9al en compl\u00e9ment d\u2019une campagne adwords pour prendre le relais de celle-ci dans [&hellip;]<\/p>\n","protected":false},"author":1,"featured_media":0,"parent":0,"menu_order":0,"comment_status":"closed","ping_status":"closed","template":"","meta":[],"yoast_head":"<!-- This site is optimized with the Yoast SEO plugin v18.3 - https:\/\/yoast.com\/wordpress\/plugins\/seo\/ -->\n<title>DSD Agency, l&#039;agence web \u00e0 votre service - Community management<\/title>\n<meta name=\"description\" content=\"Bienvenue sur DSD Agency, l&#039;agence web \u00e0 votre service. Nous vous proposons une gestion pouss\u00e9 des comptes de r\u00e9seaux sociaux de votre entreprise.\" \/>\n<meta name=\"robots\" content=\"index, follow, max-snippet:-1, max-image-preview:large, max-video-preview:-1\" \/>\n<link rel=\"canonical\" href=\"https:\/\/dsdagency.fr\/site\/community-management-gestion-des-reseaux-sociaux\/\" \/>\n<meta property=\"og:locale\" content=\"fr_FR\" \/>\n<meta property=\"og:type\" content=\"article\" \/>\n<meta property=\"og:title\" content=\"DSD Agency, l&#039;agence web \u00e0 votre service - Community management\" \/>\n<meta property=\"og:description\" content=\"Bienvenue sur DSD Agency, l&#039;agence web \u00e0 votre service. Nous vous proposons une gestion pouss\u00e9 des comptes de r\u00e9seaux sociaux de votre entreprise.\" \/>\n<meta property=\"og:url\" content=\"https:\/\/dsdagency.fr\/site\/community-management-gestion-des-reseaux-sociaux\/\" \/>\n<meta property=\"og:site_name\" content=\"DSD Agency\" \/>\n<meta property=\"article:modified_time\" content=\"2016-09-14T17:05:35+00:00\" \/>\n<meta name=\"twitter:card\" content=\"summary\" \/>\n<meta name=\"twitter:label1\" content=\"Dur\u00e9e de lecture estim\u00e9e\" \/>\n\t<meta name=\"twitter:data1\" content=\"1 minute\" \/>\n<script type=\"application\/ld+json\" class=\"yoast-schema-graph\">{\"@context\":\"https:\/\/schema.org\",\"@graph\":[{\"@type\":\"WebSite\",\"@id\":\"https:\/\/dsdagency.fr\/site\/#website\",\"url\":\"https:\/\/dsdagency.fr\/site\/\",\"name\":\"DSD Agency\",\"description\":\"Votre Agence Web et R\u00e9f\u00e9rencement\",\"potentialAction\":[{\"@type\":\"SearchAction\",\"target\":{\"@type\":\"EntryPoint\",\"urlTemplate\":\"https:\/\/dsdagency.fr\/site\/?s={search_term_string}\"},\"query-input\":\"required name=search_term_string\"}],\"inLanguage\":\"fr-FR\"},{\"@type\":\"WebPage\",\"@id\":\"https:\/\/dsdagency.fr\/site\/community-management-gestion-des-reseaux-sociaux\/#webpage\",\"url\":\"https:\/\/dsdagency.fr\/site\/community-management-gestion-des-reseaux-sociaux\/\",\"name\":\"DSD Agency, l'agence web \u00e0 votre service - Community management\",\"isPartOf\":{\"@id\":\"https:\/\/dsdagency.fr\/site\/#website\"},\"datePublished\":\"2016-02-13T21:42:10+00:00\",\"dateModified\":\"2016-09-14T17:05:35+00:00\",\"description\":\"Bienvenue sur DSD Agency, l'agence web \u00e0 votre service. Nous vous proposons une gestion pouss\u00e9 des comptes de r\u00e9seaux sociaux de votre entreprise.\",\"breadcrumb\":{\"@id\":\"https:\/\/dsdagency.fr\/site\/community-management-gestion-des-reseaux-sociaux\/#breadcrumb\"},\"inLanguage\":\"fr-FR\",\"potentialAction\":[{\"@type\":\"ReadAction\",\"target\":[\"https:\/\/dsdagency.fr\/site\/community-management-gestion-des-reseaux-sociaux\/\"]}]},{\"@type\":\"BreadcrumbList\",\"@id\":\"https:\/\/dsdagency.fr\/site\/community-management-gestion-des-reseaux-sociaux\/#breadcrumb\",\"itemListElement\":[{\"@type\":\"ListItem\",\"position\":1,\"name\":\"Accueil\",\"item\":\"https:\/\/dsdagency.fr\/site\/\"},{\"@type\":\"ListItem\",\"position\":2,\"name\":\"Community management \/ Gestion des r\u00e9seaux sociaux\"}]}]}<\/script>\n<!-- \/ Yoast SEO plugin. -->","yoast_head_json":{"title":"DSD Agency, l'agence web \u00e0 votre service - Community management","description":"Bienvenue sur DSD Agency, l'agence web \u00e0 votre service. Nous vous proposons une gestion pouss\u00e9 des comptes de r\u00e9seaux sociaux de votre entreprise.","robots":{"index":"index","follow":"follow","max-snippet":"max-snippet:-1","max-image-preview":"max-image-preview:large","max-video-preview":"max-video-preview:-1"},"canonical":"https:\/\/dsdagency.fr\/site\/community-management-gestion-des-reseaux-sociaux\/","og_locale":"fr_FR","og_type":"article","og_title":"DSD Agency, l'agence web \u00e0 votre service - Community management","og_description":"Bienvenue sur DSD Agency, l'agence web \u00e0 votre service. Nous vous proposons une gestion pouss\u00e9 des comptes de r\u00e9seaux sociaux de votre entreprise.","og_url":"https:\/\/dsdagency.fr\/site\/community-management-gestion-des-reseaux-sociaux\/","og_site_name":"DSD Agency","article_modified_time":"2016-09-14T17:05:35+00:00","twitter_card":"summary","twitter_misc":{"Dur\u00e9e de lecture estim\u00e9e":"1 minute"},"schema":{"@context":"https:\/\/schema.org","@graph":[{"@type":"WebSite","@id":"https:\/\/dsdagency.fr\/site\/#website","url":"https:\/\/dsdagency.fr\/site\/","name":"DSD Agency","description":"Votre Agence Web et R\u00e9f\u00e9rencement","potentialAction":[{"@type":"SearchAction","target":{"@type":"EntryPoint","urlTemplate":"https:\/\/dsdagency.fr\/site\/?s={search_term_string}"},"query-input":"required name=search_term_string"}],"inLanguage":"fr-FR"},{"@type":"WebPage","@id":"https:\/\/dsdagency.fr\/site\/community-management-gestion-des-reseaux-sociaux\/#webpage","url":"https:\/\/dsdagency.fr\/site\/community-management-gestion-des-reseaux-sociaux\/","name":"DSD Agency, l'agence web \u00e0 votre service - Community management","isPartOf":{"@id":"https:\/\/dsdagency.fr\/site\/#website"},"datePublished":"2016-02-13T21:42:10+00:00","dateModified":"2016-09-14T17:05:35+00:00","description":"Bienvenue sur DSD Agency, l'agence web \u00e0 votre service. Nous vous proposons une gestion pouss\u00e9 des comptes de r\u00e9seaux sociaux de votre entreprise.","breadcrumb":{"@id":"https:\/\/dsdagency.fr\/site\/community-management-gestion-des-reseaux-sociaux\/#breadcrumb"},"inLanguage":"fr-FR","potentialAction":[{"@type":"ReadAction","target":["https:\/\/dsdagency.fr\/site\/community-management-gestion-des-reseaux-sociaux\/"]}]},{"@type":"BreadcrumbList","@id":"https:\/\/dsdagency.fr\/site\/community-management-gestion-des-reseaux-sociaux\/#breadcrumb","itemListElement":[{"@type":"ListItem","position":1,"name":"Accueil","item":"https:\/\/dsdagency.fr\/site\/"},{"@type":"ListItem","position":2,"name":"Community management \/ Gestion des r\u00e9seaux sociaux"}]}]}},"_links":{"self":[{"href":"https:\/\/dsdagency.fr\/site\/wp-json\/wp\/v2\/pages\/58"}],"collection":[{"href":"https:\/\/dsdagency.fr\/site\/wp-json\/wp\/v2\/pages"}],"about":[{"href":"https:\/\/dsdagency.fr\/site\/wp-json\/wp\/v2\/types\/page"}],"author":[{"embeddable":true,"href":"https:\/\/dsdagency.fr\/site\/wp-json\/wp\/v2\/users\/1"}],"replies":[{"embeddable":true,"href":"https:\/\/dsdagency.fr\/site\/wp-json\/wp\/v2\/comments?post=58"}],"version-history":[{"count":4,"href":"https:\/\/dsdagency.fr\/site\/wp-json\/wp\/v2\/pages\/58\/revisions"}],"predecessor-version":[{"id":140,"href":"https:\/\/dsdagency.fr\/site\/wp-json\/wp\/v2\/pages\/58\/revisions\/140"}],"wp:attachment":[{"href":"https:\/\/dsdagency.fr\/site\/wp-json\/wp\/v2\/media?parent=58"}],"curies":[{"name":"wp","href":"https:\/\/api.w.org\/{rel}","templated":true}]}}