{"id":6,"date":"2015-12-15T01:53:29","date_gmt":"2015-12-15T00:53:29","guid":{"rendered":"http:\/\/dsdagency.fr\/site\/?page_id=2"},"modified":"2016-09-20T00:08:38","modified_gmt":"2016-09-20T00:08:38","slug":"dsd-agency-lagence-web-a-service","status":"publish","type":"page","link":"https:\/\/dsdagency.fr\/site\/","title":{"rendered":"DSD Agency, l\u2019agence web \u00e0 votre service"},"content":{"rendered":"<h2><b>DSD Agency, l&rsquo;agence web \u00e0 votre service<\/b><\/h2>\n<p style=\"text-align: justify\">Bienvenue sur DSD Agency, l\u2019agence web \u00e0 votre service !<\/br><br \/>\nNous sommes ici pour vous accompagner dans votre projet qu\u2019il s\u2019agisse d\u2019un site internet ou d\u2019une plateforme e-commerce, en passant par la r\u00e9f\u00e9rencement, nous vous accompagnerons tout au long du projet ainsi qu\u2019une fois celui-ci termin\u00e9 en restant \u00e0 votre \u00e9coute pour r\u00e9pondre \u00e0 vos questions ainsi qu\u2019a vos attentes.<br \/>\nSans oublier que <b>tous nos projets<\/b>, peu importe leur envergure et leur complexit\u00e9 sont <b>g\u00e9r\u00e9 en interne<\/b>, de ce fait, <b>nous serons votre seul interlocuteur<\/b> et tout \u00e9tant fait en interne, votre projet ne subira <\/b>aucune hausse tarifaire durant sa r\u00e9alisation<\/b>.<\/br><br \/>\nDe plus, m\u00eame si durant le d\u00e9veloppement de votre projet, <b>nous sommes amen\u00e9 \u00e0 proc\u00e9der a des ajustements ou des modifications<\/b>, il n\u2019y auras <b>aucun surco\u00fbt tarifaire li\u00e9e \u00e0 ces modifications<\/b>.<br \/>\nVous ne payer qu\u2019une seul fois, <b>au tarif le plus bas possible<\/b> et toutes les modifications ou ajustements seront compris dans ce tarif unique.<\/p>\n<p>Ci-dessous, nos prestations :<\/p>\n<div style=\"float: left; margin-right: 15px; margin-bottom: 10px;\"><a href=\"https:\/\/dsdagency.fr\/site\/creation-de-site\/\" ><img decoding=\"async\" style=\"width: 190px; height: 150px;\" title=\"Cr\u00e9ation de site\" src=\"_dsd_static\/min_wordpress.jpg\" alt=\"Cr\u00e9ation de site\" \/><\/a><\/div>\n<div style=\"float: left; margin-right: 15px; margin-bottom: 10px;\"><a href=\"https:\/\/dsdagency.fr\/site\/creation-de-sites-e-commerce\/\"><img decoding=\"async\" style=\"width: 190px; height: 150px;\" title=\"Cr\u00e9ation de site e-commerce\" src=\"_dsd_static\/min_prestashop.jpg\" alt=\"Cr\u00e9ation de site e-commerce\" \/><\/a><\/div>\n<div style=\"float: left; margin-right: 15px; margin-bottom: 10px;\"><a href=\"https:\/\/dsdagency.fr\/site\/creations-de-sites-sur-mesure\/\"><img decoding=\"async\" style=\"width: 190px; height: 150px;\" title=\"Cr\u00e9ation de site sur mesure\" src=\"_dsd_static\/min_site_sur_mesure.jpg\" alt=\"Cr\u00e9ation de site sur mesure\"\/><\/a><\/div>\n<div style=\"float: left; margin-right: 15px; margin-bottom: 10px;\"><a href=\"https:\/\/dsdagency.fr\/site\/referencement\/\" ><img decoding=\"async\" style=\"width: 190px; height: 150px;\" title=\"R\u00e9f\u00e9rencement\" src=\"_dsd_static\/min_referencement.jpg\" alt=\"R\u00e9f\u00e9rencement\" \/><\/a><\/div>\n<div style=\"float: left; margin-right: 15px; margin-bottom: 10px;\"><a href=\"https:\/\/dsdagency.fr\/site\/community-management-gestion-des-reseaux-sociaux\/\" ><img decoding=\"async\" style=\"width: 190px; height: 150px;\" title=\"Community Management\" src=\"_dsd_static\/min_community_management.jpg\" alt=\"Community Management\" \/><\/a><\/div>\n<div style=\"clear: both;\"><\/div>\n<p style=\"text-align: justify\">Pour toutes demande de devis ou d\u2019informations, nous nous engageons \u00e0 vous r\u00e9pondre dans les meilleurs d\u00e9lais et \u00e0 vous apporter la r\u00e9ponse la plus adapt\u00e9 \u00e0 votre demande, bien \u00e9videmment, si vous avez le moindre doute ou la moindre question, nous restons \u00e0 votre disposition tout au long du projet pour vous accompagner jusqu\u2019\u00e0 sa r\u00e9alisation.<\/p>\n<p style=\"text-align: justify\">Pour retrouver nos r\u00e9alisations veuillez cliquer <a href=\"https:\/\/dsdagency.fr\/site\/nos-realisations\/\">ici<\/a><\/p>\n","protected":false},"excerpt":{"rendered":"<p>DSD Agency, l&rsquo;agence web \u00e0 votre service Bienvenue sur DSD Agency, l\u2019agence web \u00e0 votre service ! Nous sommes ici pour vous accompagner dans votre projet qu\u2019il s\u2019agisse d\u2019un site internet ou d\u2019une plateforme e-commerce, en passant par la r\u00e9f\u00e9rencement, nous vous accompagnerons tout au long du projet ainsi qu\u2019une fois celui-ci termin\u00e9 en restant [&hellip;]<\/p>\n","protected":false},"author":1,"featured_media":0,"parent":0,"menu_order":0,"comment_status":"closed","ping_status":"open","template":"","meta":{"footnotes":""},"class_list":["post-6","page","type-page","status-publish","hentry"],"yoast_head":"<!-- This site is optimized with the Yoast SEO plugin v27.5 - https:\/\/yoast.com\/product\/yoast-seo-wordpress\/ -->\n<title>DSD Agency, l&#039;agence web \u00e0 votre service - Accueil<\/title>\n<meta name=\"description\" content=\"Bienvenu sur DSD Agency, l&#039;agence web \u00e0 votre service. Nous vous proposons de r\u00e9aliser votre projet au tarif le plus bas possible. Demande de devis grauite.\" \/>\n<meta name=\"robots\" content=\"index, follow, max-snippet:-1, max-image-preview:large, max-video-preview:-1\" \/>\n<link rel=\"canonical\" href=\"https:\/\/dsdagency.fr\/site\/\" \/>\n<meta property=\"og:locale\" content=\"fr_FR\" \/>\n<meta property=\"og:type\" content=\"article\" \/>\n<meta property=\"og:title\" content=\"DSD Agency, l&#039;agence web \u00e0 votre service - Accueil\" \/>\n<meta property=\"og:description\" content=\"Bienvenu sur DSD Agency, l&#039;agence web \u00e0 votre service. Nous vous proposons de r\u00e9aliser votre projet au tarif le plus bas possible. Demande de devis grauite.\" \/>\n<meta property=\"og:url\" content=\"https:\/\/dsdagency.fr\/site\/\" \/>\n<meta property=\"og:site_name\" content=\"DSD Agency\" \/>\n<meta property=\"article:modified_time\" content=\"2016-09-20T00:08:38+00:00\" \/>\n<meta property=\"og:image\" content=\"http:\/\/_dsd_static\/min_wordpress.jpg\" \/>\n<meta name=\"twitter:card\" content=\"summary_large_image\" \/>\n<meta name=\"twitter:label1\" content=\"Dur\u00e9e de lecture estim\u00e9e\" \/>\n\t<meta name=\"twitter:data1\" content=\"1 minute\" \/>\n<script type=\"application\/ld+json\" class=\"yoast-schema-graph\">{\"@context\":\"https:\\\/\\\/schema.org\",\"@graph\":[{\"@type\":\"WebPage\",\"@id\":\"https:\\\/\\\/dsdagency.fr\\\/site\\\/\",\"url\":\"https:\\\/\\\/dsdagency.fr\\\/site\\\/\",\"name\":\"DSD Agency, l'agence web \u00e0 votre service - Accueil\",\"isPartOf\":{\"@id\":\"https:\\\/\\\/dsdagency.fr\\\/site\\\/#website\"},\"datePublished\":\"2015-12-15T00:53:29+00:00\",\"dateModified\":\"2016-09-20T00:08:38+00:00\",\"description\":\"Bienvenu sur DSD Agency, l'agence web \u00e0 votre service. Nous vous proposons de r\u00e9aliser votre projet au tarif le plus bas possible. Demande de devis grauite.\",\"breadcrumb\":{\"@id\":\"https:\\\/\\\/dsdagency.fr\\\/site\\\/#breadcrumb\"},\"inLanguage\":\"fr-FR\",\"potentialAction\":[{\"@type\":\"ReadAction\",\"target\":[\"https:\\\/\\\/dsdagency.fr\\\/site\\\/\"]}]},{\"@type\":\"BreadcrumbList\",\"@id\":\"https:\\\/\\\/dsdagency.fr\\\/site\\\/#breadcrumb\",\"itemListElement\":[{\"@type\":\"ListItem\",\"position\":1,\"name\":\"Accueil\",\"item\":\"https:\\\/\\\/dsdagency.fr\\\/site\\\/\"},{\"@type\":\"ListItem\",\"position\":2,\"name\":\"DSD Agency, l\u2019agence web \u00e0 votre service\"}]},{\"@type\":\"WebSite\",\"@id\":\"https:\\\/\\\/dsdagency.fr\\\/site\\\/#website\",\"url\":\"https:\\\/\\\/dsdagency.fr\\\/site\\\/\",\"name\":\"DSD Agency\",\"description\":\"Votre Agence Web et R\u00e9f\u00e9rencement\",\"potentialAction\":[{\"@type\":\"SearchAction\",\"target\":{\"@type\":\"EntryPoint\",\"urlTemplate\":\"https:\\\/\\\/dsdagency.fr\\\/site\\\/?s={search_term_string}\"},\"query-input\":{\"@type\":\"PropertyValueSpecification\",\"valueRequired\":true,\"valueName\":\"search_term_string\"}}],\"inLanguage\":\"fr-FR\"}]}<\/script>\n<!-- \/ Yoast SEO plugin. -->","yoast_head_json":{"title":"DSD Agency, l'agence web \u00e0 votre service - Accueil","description":"Bienvenu sur DSD Agency, l'agence web \u00e0 votre service. Nous vous proposons de r\u00e9aliser votre projet au tarif le plus bas possible. Demande de devis grauite.","robots":{"index":"index","follow":"follow","max-snippet":"max-snippet:-1","max-image-preview":"max-image-preview:large","max-video-preview":"max-video-preview:-1"},"canonical":"https:\/\/dsdagency.fr\/site\/","og_locale":"fr_FR","og_type":"article","og_title":"DSD Agency, l'agence web \u00e0 votre service - Accueil","og_description":"Bienvenu sur DSD Agency, l'agence web \u00e0 votre service. Nous vous proposons de r\u00e9aliser votre projet au tarif le plus bas possible. Demande de devis grauite.","og_url":"https:\/\/dsdagency.fr\/site\/","og_site_name":"DSD Agency","article_modified_time":"2016-09-20T00:08:38+00:00","og_image":[{"url":"_dsd_static\/min_wordpress.jpg","type":"","width":"","height":""}],"twitter_card":"summary_large_image","twitter_misc":{"Dur\u00e9e de lecture estim\u00e9e":"1 minute"},"schema":{"@context":"https:\/\/schema.org","@graph":[{"@type":"WebPage","@id":"https:\/\/dsdagency.fr\/site\/","url":"https:\/\/dsdagency.fr\/site\/","name":"DSD Agency, l'agence web \u00e0 votre service - Accueil","isPartOf":{"@id":"https:\/\/dsdagency.fr\/site\/#website"},"datePublished":"2015-12-15T00:53:29+00:00","dateModified":"2016-09-20T00:08:38+00:00","description":"Bienvenu sur DSD Agency, l'agence web \u00e0 votre service. Nous vous proposons de r\u00e9aliser votre projet au tarif le plus bas possible. Demande de devis grauite.","breadcrumb":{"@id":"https:\/\/dsdagency.fr\/site\/#breadcrumb"},"inLanguage":"fr-FR","potentialAction":[{"@type":"ReadAction","target":["https:\/\/dsdagency.fr\/site\/"]}]},{"@type":"BreadcrumbList","@id":"https:\/\/dsdagency.fr\/site\/#breadcrumb","itemListElement":[{"@type":"ListItem","position":1,"name":"Accueil","item":"https:\/\/dsdagency.fr\/site\/"},{"@type":"ListItem","position":2,"name":"DSD Agency, l\u2019agence web \u00e0 votre service"}]},{"@type":"WebSite","@id":"https:\/\/dsdagency.fr\/site\/#website","url":"https:\/\/dsdagency.fr\/site\/","name":"DSD Agency","description":"Votre Agence Web et R\u00e9f\u00e9rencement","potentialAction":[{"@type":"SearchAction","target":{"@type":"EntryPoint","urlTemplate":"https:\/\/dsdagency.fr\/site\/?s={search_term_string}"},"query-input":{"@type":"PropertyValueSpecification","valueRequired":true,"valueName":"search_term_string"}}],"inLanguage":"fr-FR"}]}},"_links":{"self":[{"href":"https:\/\/dsdagency.fr\/site\/wp-json\/wp\/v2\/pages\/6","targetHints":{"allow":["GET"]}}],"collection":[{"href":"https:\/\/dsdagency.fr\/site\/wp-json\/wp\/v2\/pages"}],"about":[{"href":"https:\/\/dsdagency.fr\/site\/wp-json\/wp\/v2\/types\/page"}],"author":[{"embeddable":true,"href":"https:\/\/dsdagency.fr\/site\/wp-json\/wp\/v2\/users\/1"}],"replies":[{"embeddable":true,"href":"https:\/\/dsdagency.fr\/site\/wp-json\/wp\/v2\/comments?post=6"}],"version-history":[{"count":25,"href":"https:\/\/dsdagency.fr\/site\/wp-json\/wp\/v2\/pages\/6\/revisions"}],"predecessor-version":[{"id":178,"href":"https:\/\/dsdagency.fr\/site\/wp-json\/wp\/v2\/pages\/6\/revisions\/178"}],"wp:attachment":[{"href":"https:\/\/dsdagency.fr\/site\/wp-json\/wp\/v2\/media?parent=6"}],"curies":[{"name":"wp","href":"https:\/\/api.w.org\/{rel}","templated":true}]}}