{"id":63,"date":"2016-02-13T21:44:11","date_gmt":"2016-02-13T21:44:11","guid":{"rendered":"http:\/\/dsdagency.fr\/site\/?page_id=63"},"modified":"2017-09-15T04:26:11","modified_gmt":"2017-09-15T04:26:11","slug":"nos-realisations","status":"publish","type":"page","link":"https:\/\/dsdagency.fr\/site\/nos-realisations\/","title":{"rendered":"Nos r\u00e9alisations"},"content":{"rendered":"<p>Voici quelques unes de nos r\u00e9alisations :<\/p>\n<p><a href=\"http:\/\/www.plafonds-tendus-essenciel.fr\/site\/\"><img decoding=\"async\" src=\"\/site\/_dsd_static\/min-plafonds-tendus-essenciel-1.jpg\" style=\"width: 100%\" alt=\"Site\"\/><\/a><\/br><br \/>\n<a href=\"http:\/\/www.cbma-menuiserie.fr\"><img decoding=\"async\" src=\"\/site\/_dsd_static\/cbma-menuiserie.jpg\" style=\"width: 100%\" alt=\"Site\"\/><\/a><\/br><br \/>\n<a href=\"http:\/\/www.serrurerie-prestige.fr\"><img decoding=\"async\" src=\"\/site\/_dsd_static\/serrurerie-prestige.jpg\" style=\"width: 100%\" alt=\"Site\"\/><\/a><\/br><br \/>\n<a href=\"http:\/\/www.tetris-construction.fr\"><img decoding=\"async\" src=\"\/site\/_dsd_static\/tetris-construction.jpg\" style=\"width: 100%\" alt=\"Site\"\/><\/a><\/br><\/p>\n","protected":false},"excerpt":{"rendered":"<p>Voici quelques unes de nos r\u00e9alisations :<\/p>\n","protected":false},"author":1,"featured_media":0,"parent":0,"menu_order":0,"comment_status":"closed","ping_status":"closed","template":"","meta":{"footnotes":""},"class_list":["post-63","page","type-page","status-publish","hentry"],"yoast_head":"<!-- This site is optimized with the Yoast SEO plugin v27.5 - https:\/\/yoast.com\/product\/yoast-seo-wordpress\/ -->\n<title>DSD Agency, l&#039;agence web \u00e0 votre service - Nos r\u00e9alisations<\/title>\n<meta name=\"description\" content=\"Bienvenue sur DSD Agency, l&#039;agence web \u00e0 votre service. Voici quelques une de nos r\u00e9alisations. Demande de devis gratuite.\" \/>\n<meta name=\"robots\" content=\"index, follow, max-snippet:-1, max-image-preview:large, max-video-preview:-1\" \/>\n<link rel=\"canonical\" href=\"https:\/\/dsdagency.fr\/site\/nos-realisations\/\" \/>\n<meta property=\"og:locale\" content=\"fr_FR\" \/>\n<meta property=\"og:type\" content=\"article\" \/>\n<meta property=\"og:title\" content=\"DSD Agency, l&#039;agence web \u00e0 votre service - Nos r\u00e9alisations\" \/>\n<meta property=\"og:description\" content=\"Bienvenue sur DSD Agency, l&#039;agence web \u00e0 votre service. Voici quelques une de nos r\u00e9alisations. Demande de devis gratuite.\" \/>\n<meta property=\"og:url\" content=\"https:\/\/dsdagency.fr\/site\/nos-realisations\/\" \/>\n<meta property=\"og:site_name\" content=\"DSD Agency\" \/>\n<meta property=\"article:modified_time\" content=\"2017-09-15T04:26:11+00:00\" \/>\n<meta property=\"og:image\" content=\"https:\/\/dsdagency.fr\/site\/_dsd_static\/min-plafonds-tendus-essenciel-1.jpg\" \/>\n<meta name=\"twitter:card\" content=\"summary_large_image\" \/>\n<script type=\"application\/ld+json\" class=\"yoast-schema-graph\">{\"@context\":\"https:\\\/\\\/schema.org\",\"@graph\":[{\"@type\":\"WebPage\",\"@id\":\"https:\\\/\\\/dsdagency.fr\\\/site\\\/nos-realisations\\\/\",\"url\":\"https:\\\/\\\/dsdagency.fr\\\/site\\\/nos-realisations\\\/\",\"name\":\"DSD Agency, l'agence web \u00e0 votre service - Nos r\u00e9alisations\",\"isPartOf\":{\"@id\":\"https:\\\/\\\/dsdagency.fr\\\/site\\\/#website\"},\"datePublished\":\"2016-02-13T21:44:11+00:00\",\"dateModified\":\"2017-09-15T04:26:11+00:00\",\"description\":\"Bienvenue sur DSD Agency, l'agence web \u00e0 votre service. Voici quelques une de nos r\u00e9alisations. Demande de devis gratuite.\",\"breadcrumb\":{\"@id\":\"https:\\\/\\\/dsdagency.fr\\\/site\\\/nos-realisations\\\/#breadcrumb\"},\"inLanguage\":\"fr-FR\",\"potentialAction\":[{\"@type\":\"ReadAction\",\"target\":[\"https:\\\/\\\/dsdagency.fr\\\/site\\\/nos-realisations\\\/\"]}]},{\"@type\":\"BreadcrumbList\",\"@id\":\"https:\\\/\\\/dsdagency.fr\\\/site\\\/nos-realisations\\\/#breadcrumb\",\"itemListElement\":[{\"@type\":\"ListItem\",\"position\":1,\"name\":\"Accueil\",\"item\":\"https:\\\/\\\/dsdagency.fr\\\/site\\\/\"},{\"@type\":\"ListItem\",\"position\":2,\"name\":\"Nos r\u00e9alisations\"}]},{\"@type\":\"WebSite\",\"@id\":\"https:\\\/\\\/dsdagency.fr\\\/site\\\/#website\",\"url\":\"https:\\\/\\\/dsdagency.fr\\\/site\\\/\",\"name\":\"DSD Agency\",\"description\":\"Votre Agence Web et R\u00e9f\u00e9rencement\",\"potentialAction\":[{\"@type\":\"SearchAction\",\"target\":{\"@type\":\"EntryPoint\",\"urlTemplate\":\"https:\\\/\\\/dsdagency.fr\\\/site\\\/?s={search_term_string}\"},\"query-input\":{\"@type\":\"PropertyValueSpecification\",\"valueRequired\":true,\"valueName\":\"search_term_string\"}}],\"inLanguage\":\"fr-FR\"}]}<\/script>\n<!-- \/ Yoast SEO plugin. -->","yoast_head_json":{"title":"DSD Agency, l'agence web \u00e0 votre service - Nos r\u00e9alisations","description":"Bienvenue sur DSD Agency, l'agence web \u00e0 votre service. Voici quelques une de nos r\u00e9alisations. Demande de devis gratuite.","robots":{"index":"index","follow":"follow","max-snippet":"max-snippet:-1","max-image-preview":"max-image-preview:large","max-video-preview":"max-video-preview:-1"},"canonical":"https:\/\/dsdagency.fr\/site\/nos-realisations\/","og_locale":"fr_FR","og_type":"article","og_title":"DSD Agency, l'agence web \u00e0 votre service - Nos r\u00e9alisations","og_description":"Bienvenue sur DSD Agency, l'agence web \u00e0 votre service. Voici quelques une de nos r\u00e9alisations. Demande de devis gratuite.","og_url":"https:\/\/dsdagency.fr\/site\/nos-realisations\/","og_site_name":"DSD Agency","article_modified_time":"2017-09-15T04:26:11+00:00","og_image":[{"url":"https:\/\/dsdagency.fr\/site\/_dsd_static\/min-plafonds-tendus-essenciel-1.jpg","type":"","width":"","height":""}],"twitter_card":"summary_large_image","schema":{"@context":"https:\/\/schema.org","@graph":[{"@type":"WebPage","@id":"https:\/\/dsdagency.fr\/site\/nos-realisations\/","url":"https:\/\/dsdagency.fr\/site\/nos-realisations\/","name":"DSD Agency, l'agence web \u00e0 votre service - Nos r\u00e9alisations","isPartOf":{"@id":"https:\/\/dsdagency.fr\/site\/#website"},"datePublished":"2016-02-13T21:44:11+00:00","dateModified":"2017-09-15T04:26:11+00:00","description":"Bienvenue sur DSD Agency, l'agence web \u00e0 votre service. Voici quelques une de nos r\u00e9alisations. Demande de devis gratuite.","breadcrumb":{"@id":"https:\/\/dsdagency.fr\/site\/nos-realisations\/#breadcrumb"},"inLanguage":"fr-FR","potentialAction":[{"@type":"ReadAction","target":["https:\/\/dsdagency.fr\/site\/nos-realisations\/"]}]},{"@type":"BreadcrumbList","@id":"https:\/\/dsdagency.fr\/site\/nos-realisations\/#breadcrumb","itemListElement":[{"@type":"ListItem","position":1,"name":"Accueil","item":"https:\/\/dsdagency.fr\/site\/"},{"@type":"ListItem","position":2,"name":"Nos r\u00e9alisations"}]},{"@type":"WebSite","@id":"https:\/\/dsdagency.fr\/site\/#website","url":"https:\/\/dsdagency.fr\/site\/","name":"DSD Agency","description":"Votre Agence Web et R\u00e9f\u00e9rencement","potentialAction":[{"@type":"SearchAction","target":{"@type":"EntryPoint","urlTemplate":"https:\/\/dsdagency.fr\/site\/?s={search_term_string}"},"query-input":{"@type":"PropertyValueSpecification","valueRequired":true,"valueName":"search_term_string"}}],"inLanguage":"fr-FR"}]}},"_links":{"self":[{"href":"https:\/\/dsdagency.fr\/site\/wp-json\/wp\/v2\/pages\/63","targetHints":{"allow":["GET"]}}],"collection":[{"href":"https:\/\/dsdagency.fr\/site\/wp-json\/wp\/v2\/pages"}],"about":[{"href":"https:\/\/dsdagency.fr\/site\/wp-json\/wp\/v2\/types\/page"}],"author":[{"embeddable":true,"href":"https:\/\/dsdagency.fr\/site\/wp-json\/wp\/v2\/users\/1"}],"replies":[{"embeddable":true,"href":"https:\/\/dsdagency.fr\/site\/wp-json\/wp\/v2\/comments?post=63"}],"version-history":[{"count":51,"href":"https:\/\/dsdagency.fr\/site\/wp-json\/wp\/v2\/pages\/63\/revisions"}],"predecessor-version":[{"id":225,"href":"https:\/\/dsdagency.fr\/site\/wp-json\/wp\/v2\/pages\/63\/revisions\/225"}],"wp:attachment":[{"href":"https:\/\/dsdagency.fr\/site\/wp-json\/wp\/v2\/media?parent=63"}],"curies":[{"name":"wp","href":"https:\/\/api.w.org\/{rel}","templated":true}]}}